{"id":179,"date":"2020-01-14T09:00:58","date_gmt":"2020-01-14T08:00:58","guid":{"rendered":"http:\/\/www.apluspose.com\/galerie\/?page_id=179"},"modified":"2020-03-03T10:47:43","modified_gmt":"2020-03-03T09:47:43","slug":"panneaux-acoustiques-muraux-oise-val-d-oise","status":"publish","type":"page","link":"https:\/\/www.apluspose.com\/galerie\/panneaux-acoustiques-muraux-oise-val-d-oise\/","title":{"rendered":"Panneaux acoustiques muraux"},"content":{"rendered":"<p>[vc_row][vc_column][vc_column_text]<\/p>\n<h2 style=\"font-size: 24px; text-align: center;\">A+ Pose &#8211; Pose de panneaux acoustiques muraux et suspendus : Oise, Beauvais, M\u00e9ru, Chambly, Persan, Creil, Chantilly, Luzarches, Senlis, Nogent sur Oise, Compiegne<\/h2>\n<p>[\/vc_column_text][\/vc_column][\/vc_row][vc_row][vc_column][vc_empty_space][\/vc_column][\/vc_row][vc_row content_placement=\u00a0\u00bbmiddle\u00a0\u00bb][vc_column][vc_masonry_media_grid element_width=\u00a0\u00bb3&Prime; grid_id=\u00a0\u00bbvc_gid:1578988684257-d31ee33f-83a8-4&Prime; include=\u00a0\u00bb180,181,182,183,184,185,186,187&Prime;][\/vc_column][\/vc_row]<\/p>\n","protected":false},"excerpt":{"rendered":"<p>[vc_row][vc_column][vc_column_text] A+ Pose &#8211; Pose de panneaux acoustiques muraux et suspendus : Oise, Beauvais, M\u00e9ru, Chambly, Persan, Creil, Chantilly, Luzarches, Senlis, Nogent sur Oise, Compiegne [\/vc_column_text][\/vc_column][\/vc_row][vc_row][vc_column][vc_empty_space][\/vc_column][\/vc_row][vc_row content_placement=\u00a0\u00bbmiddle\u00a0\u00bb][vc_column][vc_masonry_media_grid element_width=\u00a0\u00bb3&Prime; grid_id=\u00a0\u00bbvc_gid:1578988684257-d31ee33f-83a8-4&Prime; include=\u00a0\u00bb180,181,182,183,184,185,186,187&Prime;][\/vc_column][\/vc_row]<\/p>\n","protected":false},"author":1,"featured_media":0,"parent":0,"menu_order":0,"comment_status":"closed","ping_status":"closed","template":"","meta":[],"yoast_head":"<!-- This site is optimized with the Yoast SEO plugin v20.5 - https:\/\/yoast.com\/wordpress\/plugins\/seo\/ -->\n<title>Panneaux acoustiques muraux - A plus pose - Sp\u00e9cialiste de l&#039;am\u00e9nagement et r\u00e9novation chez les particuliers et sp\u00e9cialiste des cloisons de bureaux pour les professionnels<\/title>\n<meta name=\"robots\" content=\"index, follow, max-snippet:-1, max-image-preview:large, max-video-preview:-1\" \/>\n<link rel=\"canonical\" href=\"https:\/\/www.apluspose.com\/galerie\/panneaux-acoustiques-muraux-oise-val-d-oise\/\" \/>\n<meta property=\"og:locale\" content=\"fr_FR\" \/>\n<meta property=\"og:type\" content=\"article\" \/>\n<meta property=\"og:title\" content=\"Panneaux acoustiques muraux - A plus pose - Sp\u00e9cialiste de l&#039;am\u00e9nagement et r\u00e9novation chez les particuliers et sp\u00e9cialiste des cloisons de bureaux pour les professionnels\" \/>\n<meta property=\"og:description\" content=\"[vc_row][vc_column][vc_column_text] A+ Pose &#8211; Pose de panneaux acoustiques muraux et suspendus : Oise, Beauvais, M\u00e9ru, Chambly, Persan, Creil, Chantilly, Luzarches, Senlis, Nogent sur Oise, Compiegne [\/vc_column_text][\/vc_column][\/vc_row][vc_row][vc_column][vc_empty_space][\/vc_column][\/vc_row][vc_row content_placement=\u00a0\u00bbmiddle\u00a0\u00bb][vc_column][vc_masonry_media_grid element_width=\u00a0\u00bb3&Prime; grid_id=\u00a0\u00bbvc_gid:1578988684257-d31ee33f-83a8-4&Prime; include=\u00a0\u00bb180,181,182,183,184,185,186,187&Prime;][\/vc_column][\/vc_row]\" \/>\n<meta property=\"og:url\" content=\"https:\/\/www.apluspose.com\/galerie\/panneaux-acoustiques-muraux-oise-val-d-oise\/\" \/>\n<meta property=\"og:site_name\" content=\"A plus pose - Sp\u00e9cialiste de l&#039;am\u00e9nagement et r\u00e9novation chez les particuliers et sp\u00e9cialiste des cloisons de bureaux pour les professionnels\" \/>\n<meta property=\"article:modified_time\" content=\"2020-03-03T09:47:43+00:00\" \/>\n<meta name=\"twitter:card\" content=\"summary_large_image\" \/>\n<script type=\"application\/ld+json\" class=\"yoast-schema-graph\">{\"@context\":\"https:\/\/schema.org\",\"@graph\":[{\"@type\":\"WebPage\",\"@id\":\"https:\/\/www.apluspose.com\/galerie\/panneaux-acoustiques-muraux-oise-val-d-oise\/\",\"url\":\"https:\/\/www.apluspose.com\/galerie\/panneaux-acoustiques-muraux-oise-val-d-oise\/\",\"name\":\"Panneaux acoustiques muraux - A plus pose - Sp\u00e9cialiste de l&#039;am\u00e9nagement et r\u00e9novation chez les particuliers et sp\u00e9cialiste des cloisons de bureaux pour les professionnels\",\"isPartOf\":{\"@id\":\"https:\/\/www.apluspose.com\/galerie\/#website\"},\"datePublished\":\"2020-01-14T08:00:58+00:00\",\"dateModified\":\"2020-03-03T09:47:43+00:00\",\"breadcrumb\":{\"@id\":\"https:\/\/www.apluspose.com\/galerie\/panneaux-acoustiques-muraux-oise-val-d-oise\/#breadcrumb\"},\"inLanguage\":\"fr-FR\",\"potentialAction\":[{\"@type\":\"ReadAction\",\"target\":[\"https:\/\/www.apluspose.com\/galerie\/panneaux-acoustiques-muraux-oise-val-d-oise\/\"]}]},{\"@type\":\"BreadcrumbList\",\"@id\":\"https:\/\/www.apluspose.com\/galerie\/panneaux-acoustiques-muraux-oise-val-d-oise\/#breadcrumb\",\"itemListElement\":[{\"@type\":\"ListItem\",\"position\":1,\"name\":\"Accueil\",\"item\":\"https:\/\/www.apluspose.com\/galerie\/\"},{\"@type\":\"ListItem\",\"position\":2,\"name\":\"Panneaux acoustiques muraux\"}]},{\"@type\":\"WebSite\",\"@id\":\"https:\/\/www.apluspose.com\/galerie\/#website\",\"url\":\"https:\/\/www.apluspose.com\/galerie\/\",\"name\":\"A plus pose - Sp\u00e9cialiste de l&#039;am\u00e9nagement et r\u00e9novation chez les particuliers et sp\u00e9cialiste des cloisons de bureaux pour les professionnels\",\"description\":\"\",\"publisher\":{\"@id\":\"https:\/\/www.apluspose.com\/galerie\/#organization\"},\"potentialAction\":[{\"@type\":\"SearchAction\",\"target\":{\"@type\":\"EntryPoint\",\"urlTemplate\":\"https:\/\/www.apluspose.com\/galerie\/?s={search_term_string}\"},\"query-input\":\"required name=search_term_string\"}],\"inLanguage\":\"fr-FR\"},{\"@type\":\"Organization\",\"@id\":\"https:\/\/www.apluspose.com\/galerie\/#organization\",\"name\":\"A plus pose - Sp\u00e9cialiste de l&#039;am\u00e9nagement et r\u00e9novation chez les particuliers et sp\u00e9cialiste des cloisons de bureaux pour les professionnels\",\"url\":\"https:\/\/www.apluspose.com\/galerie\/\",\"logo\":{\"@type\":\"ImageObject\",\"inLanguage\":\"fr-FR\",\"@id\":\"https:\/\/www.apluspose.com\/galerie\/#\/schema\/logo\/image\/\",\"url\":\"https:\/\/www.apluspose.com\/galerie\/wp-content\/uploads\/2020\/01\/cropped-logo.png\",\"contentUrl\":\"https:\/\/www.apluspose.com\/galerie\/wp-content\/uploads\/2020\/01\/cropped-logo.png\",\"width\":100,\"height\":100,\"caption\":\"A plus pose - Sp\u00e9cialiste de l&#039;am\u00e9nagement et r\u00e9novation chez les particuliers et sp\u00e9cialiste des cloisons de bureaux pour les professionnels\"},\"image\":{\"@id\":\"https:\/\/www.apluspose.com\/galerie\/#\/schema\/logo\/image\/\"}}]}<\/script>\n<!-- \/ Yoast SEO plugin. -->","yoast_head_json":{"title":"Panneaux acoustiques muraux - A plus pose - Sp\u00e9cialiste de l&#039;am\u00e9nagement et r\u00e9novation chez les particuliers et sp\u00e9cialiste des cloisons de bureaux pour les professionnels","robots":{"index":"index","follow":"follow","max-snippet":"max-snippet:-1","max-image-preview":"max-image-preview:large","max-video-preview":"max-video-preview:-1"},"canonical":"https:\/\/www.apluspose.com\/galerie\/panneaux-acoustiques-muraux-oise-val-d-oise\/","og_locale":"fr_FR","og_type":"article","og_title":"Panneaux acoustiques muraux - A plus pose - Sp\u00e9cialiste de l&#039;am\u00e9nagement et r\u00e9novation chez les particuliers et sp\u00e9cialiste des cloisons de bureaux pour les professionnels","og_description":"[vc_row][vc_column][vc_column_text] A+ Pose &#8211; Pose de panneaux acoustiques muraux et suspendus : Oise, Beauvais, M\u00e9ru, Chambly, Persan, Creil, Chantilly, Luzarches, Senlis, Nogent sur Oise, Compiegne [\/vc_column_text][\/vc_column][\/vc_row][vc_row][vc_column][vc_empty_space][\/vc_column][\/vc_row][vc_row content_placement=\u00a0\u00bbmiddle\u00a0\u00bb][vc_column][vc_masonry_media_grid element_width=\u00a0\u00bb3&Prime; grid_id=\u00a0\u00bbvc_gid:1578988684257-d31ee33f-83a8-4&Prime; include=\u00a0\u00bb180,181,182,183,184,185,186,187&Prime;][\/vc_column][\/vc_row]","og_url":"https:\/\/www.apluspose.com\/galerie\/panneaux-acoustiques-muraux-oise-val-d-oise\/","og_site_name":"A plus pose - Sp\u00e9cialiste de l&#039;am\u00e9nagement et r\u00e9novation chez les particuliers et sp\u00e9cialiste des cloisons de bureaux pour les professionnels","article_modified_time":"2020-03-03T09:47:43+00:00","twitter_card":"summary_large_image","schema":{"@context":"https:\/\/schema.org","@graph":[{"@type":"WebPage","@id":"https:\/\/www.apluspose.com\/galerie\/panneaux-acoustiques-muraux-oise-val-d-oise\/","url":"https:\/\/www.apluspose.com\/galerie\/panneaux-acoustiques-muraux-oise-val-d-oise\/","name":"Panneaux acoustiques muraux - A plus pose - Sp\u00e9cialiste de l&#039;am\u00e9nagement et r\u00e9novation chez les particuliers et sp\u00e9cialiste des cloisons de bureaux pour les professionnels","isPartOf":{"@id":"https:\/\/www.apluspose.com\/galerie\/#website"},"datePublished":"2020-01-14T08:00:58+00:00","dateModified":"2020-03-03T09:47:43+00:00","breadcrumb":{"@id":"https:\/\/www.apluspose.com\/galerie\/panneaux-acoustiques-muraux-oise-val-d-oise\/#breadcrumb"},"inLanguage":"fr-FR","potentialAction":[{"@type":"ReadAction","target":["https:\/\/www.apluspose.com\/galerie\/panneaux-acoustiques-muraux-oise-val-d-oise\/"]}]},{"@type":"BreadcrumbList","@id":"https:\/\/www.apluspose.com\/galerie\/panneaux-acoustiques-muraux-oise-val-d-oise\/#breadcrumb","itemListElement":[{"@type":"ListItem","position":1,"name":"Accueil","item":"https:\/\/www.apluspose.com\/galerie\/"},{"@type":"ListItem","position":2,"name":"Panneaux acoustiques muraux"}]},{"@type":"WebSite","@id":"https:\/\/www.apluspose.com\/galerie\/#website","url":"https:\/\/www.apluspose.com\/galerie\/","name":"A plus pose - Sp\u00e9cialiste de l&#039;am\u00e9nagement et r\u00e9novation chez les particuliers et sp\u00e9cialiste des cloisons de bureaux pour les professionnels","description":"","publisher":{"@id":"https:\/\/www.apluspose.com\/galerie\/#organization"},"potentialAction":[{"@type":"SearchAction","target":{"@type":"EntryPoint","urlTemplate":"https:\/\/www.apluspose.com\/galerie\/?s={search_term_string}"},"query-input":"required name=search_term_string"}],"inLanguage":"fr-FR"},{"@type":"Organization","@id":"https:\/\/www.apluspose.com\/galerie\/#organization","name":"A plus pose - Sp\u00e9cialiste de l&#039;am\u00e9nagement et r\u00e9novation chez les particuliers et sp\u00e9cialiste des cloisons de bureaux pour les professionnels","url":"https:\/\/www.apluspose.com\/galerie\/","logo":{"@type":"ImageObject","inLanguage":"fr-FR","@id":"https:\/\/www.apluspose.com\/galerie\/#\/schema\/logo\/image\/","url":"https:\/\/www.apluspose.com\/galerie\/wp-content\/uploads\/2020\/01\/cropped-logo.png","contentUrl":"https:\/\/www.apluspose.com\/galerie\/wp-content\/uploads\/2020\/01\/cropped-logo.png","width":100,"height":100,"caption":"A plus pose - Sp\u00e9cialiste de l&#039;am\u00e9nagement et r\u00e9novation chez les particuliers et sp\u00e9cialiste des cloisons de bureaux pour les professionnels"},"image":{"@id":"https:\/\/www.apluspose.com\/galerie\/#\/schema\/logo\/image\/"}}]}},"_links":{"self":[{"href":"https:\/\/www.apluspose.com\/galerie\/wp-json\/wp\/v2\/pages\/179"}],"collection":[{"href":"https:\/\/www.apluspose.com\/galerie\/wp-json\/wp\/v2\/pages"}],"about":[{"href":"https:\/\/www.apluspose.com\/galerie\/wp-json\/wp\/v2\/types\/page"}],"author":[{"embeddable":true,"href":"https:\/\/www.apluspose.com\/galerie\/wp-json\/wp\/v2\/users\/1"}],"replies":[{"embeddable":true,"href":"https:\/\/www.apluspose.com\/galerie\/wp-json\/wp\/v2\/comments?post=179"}],"version-history":[{"count":1,"href":"https:\/\/www.apluspose.com\/galerie\/wp-json\/wp\/v2\/pages\/179\/revisions"}],"predecessor-version":[{"id":188,"href":"https:\/\/www.apluspose.com\/galerie\/wp-json\/wp\/v2\/pages\/179\/revisions\/188"}],"wp:attachment":[{"href":"https:\/\/www.apluspose.com\/galerie\/wp-json\/wp\/v2\/media?parent=179"}],"curies":[{"name":"wp","href":"https:\/\/api.w.org\/{rel}","templated":true}]}}