{"id":193,"date":"2020-01-14T09:27:50","date_gmt":"2020-01-14T08:27:50","guid":{"rendered":"http:\/\/www.apluspose.com\/galerie\/?page_id=193"},"modified":"2023-04-17T16:50:43","modified_gmt":"2023-04-17T14:50:43","slug":"cloisons-amovibles-bureau-oise-val-d-oise","status":"publish","type":"page","link":"https:\/\/www.apluspose.com\/galerie\/cloisons-amovibles-bureau-oise-val-d-oise\/","title":{"rendered":"Cloisons amovibles"},"content":{"rendered":"<p>[vc_row][vc_column][vc_column_text]<\/p>\n<h2 style=\"font-size: 24px; text-align: center;\">Cloisons amovibles de bureau dans l&rsquo;Oise et Val d&rsquo;Oise<\/h2>\n<h2 style=\"font-size: 24px; text-align: center;\">Acoustique d\u00e9montable<\/h2>\n<h4 style=\"font-size: 24px; text-align: center;\">Nous intervenons dans l&rsquo;am\u00e9nagement de bureaux pour nos clients commer\u00e7ants, entreprise, EHPAD, mairies et collectivit\u00e9s des villes de Beauvais, M\u00e9ru, Chambly, Persan, Creil, Chantilly, Luzarches, Senlis, Nogent-sur-Oise, Compi\u00e8gne, Cergy-Pontoise &#8230;<\/h4>\n<p>Nos r\u00e9f\u00e9rences: Bacardi, Pole PMAD Saint Denis, HBM Roissy en France, Peugeot Survilliers, H\u00f4pital Saint Louis Paris&#8230;[\/vc_column_text][\/vc_column][\/vc_row][vc_row][vc_column][vc_empty_space][\/vc_column][\/vc_row][vc_row content_placement=\u00a0\u00bbmiddle\u00a0\u00bb][vc_column][vc_masonry_media_grid style=\u00a0\u00bblazy\u00a0\u00bb items_per_page=\u00a0\u00bb8&Prime; element_width=\u00a0\u00bb3&Prime; initial_loading_animation=\u00a0\u00bbfadeIn\u00a0\u00bb grid_id=\u00a0\u00bbvc_gid:1681743017572-5e52f826-c8d4-10&Prime; include=\u00a0\u00bb195,236,196,197,198,199,200,201,202,203,204,205,206,207,208,209,210,211,212,213,214,215,216,217,218,219,220,221,222,223,224,225,226,227,228,229,230,231,232,235,237,238,239,241,243,244,245,246,247,248,249,251,252,253,254,255,256,257,258,259,260,261,262,263,264,265,266,267,268,269,270,271,272,273,274,275,421,422,423,424,425,426,427,428,429,430,431,432,433,434,435,436,437,438,439,440,441,442,443,444,445,446,447,448,449,450,451,452,453,604,605,606,607,608,609,610,611,612,613,750,752,754,753,614,615,616,617,618,619,620,621,622,623,624,625,626,627,628,629,630,631,632,633,634,635,636&Prime;][\/vc_column][\/vc_row]<\/p>\n","protected":false},"excerpt":{"rendered":"<p>[vc_row][vc_column][vc_column_text] Cloisons amovibles de bureau dans l&rsquo;Oise et Val d&rsquo;Oise Acoustique d\u00e9montable Nous intervenons dans l&rsquo;am\u00e9nagement de bureaux pour nos clients commer\u00e7ants, entreprise, EHPAD, mairies et collectivit\u00e9s des villes de Beauvais, M\u00e9ru, Chambly, Persan, Creil, Chantilly, Luzarches, Senlis, Nogent-sur-Oise, Compi\u00e8gne, Cergy-Pontoise &#8230; Nos r\u00e9f\u00e9rences: Bacardi, Pole PMAD Saint Denis, HBM Roissy en France, Peugeot Survilliers, [&hellip;]<\/p>\n","protected":false},"author":1,"featured_media":0,"parent":0,"menu_order":0,"comment_status":"closed","ping_status":"closed","template":"","meta":[],"yoast_head":"<!-- This site is optimized with the Yoast SEO plugin v20.5 - https:\/\/yoast.com\/wordpress\/plugins\/seo\/ -->\n<title>Cloisons amovibles de bureau Oise Val d&#039;Oise : A+ Pose<\/title>\n<meta name=\"description\" content=\"Cloison de bureau vitr\u00e9e alu dans l&#039;Oise et le Val d&#039;oise : A+ Pose fournit un travail de qualit\u00e9 pour l&#039;am\u00e9nagement de vos bureaux et locaux\" \/>\n<meta name=\"robots\" content=\"index, follow, max-snippet:-1, max-image-preview:large, max-video-preview:-1\" \/>\n<link rel=\"canonical\" href=\"https:\/\/www.apluspose.com\/galerie\/cloisons-amovibles-bureau-oise-val-d-oise\/\" \/>\n<meta property=\"og:locale\" content=\"fr_FR\" \/>\n<meta property=\"og:type\" content=\"article\" \/>\n<meta property=\"og:title\" content=\"Cloisons amovibles de bureau Oise Val d&#039;Oise : A+ Pose\" \/>\n<meta property=\"og:description\" content=\"Cloison de bureau vitr\u00e9e alu dans l&#039;Oise et le Val d&#039;oise : A+ Pose fournit un travail de qualit\u00e9 pour l&#039;am\u00e9nagement de vos bureaux et locaux\" \/>\n<meta property=\"og:url\" content=\"https:\/\/www.apluspose.com\/galerie\/cloisons-amovibles-bureau-oise-val-d-oise\/\" \/>\n<meta property=\"og:site_name\" content=\"A plus pose - Sp\u00e9cialiste de l&#039;am\u00e9nagement et r\u00e9novation chez les particuliers et sp\u00e9cialiste des cloisons de bureaux pour les professionnels\" \/>\n<meta property=\"article:modified_time\" content=\"2023-04-17T14:50:43+00:00\" \/>\n<meta name=\"twitter:card\" content=\"summary_large_image\" \/>\n<meta name=\"twitter:label1\" content=\"Dur\u00e9e de lecture estim\u00e9e\" \/>\n\t<meta name=\"twitter:data1\" content=\"1 minute\" \/>\n<script type=\"application\/ld+json\" class=\"yoast-schema-graph\">{\"@context\":\"https:\/\/schema.org\",\"@graph\":[{\"@type\":\"WebPage\",\"@id\":\"https:\/\/www.apluspose.com\/galerie\/cloisons-amovibles-bureau-oise-val-d-oise\/\",\"url\":\"https:\/\/www.apluspose.com\/galerie\/cloisons-amovibles-bureau-oise-val-d-oise\/\",\"name\":\"Cloisons amovibles de bureau Oise Val d'Oise : A+ Pose\",\"isPartOf\":{\"@id\":\"https:\/\/www.apluspose.com\/galerie\/#website\"},\"datePublished\":\"2020-01-14T08:27:50+00:00\",\"dateModified\":\"2023-04-17T14:50:43+00:00\",\"description\":\"Cloison de bureau vitr\u00e9e alu dans l'Oise et le Val d'oise : A+ Pose fournit un travail de qualit\u00e9 pour l'am\u00e9nagement de vos bureaux et locaux\",\"breadcrumb\":{\"@id\":\"https:\/\/www.apluspose.com\/galerie\/cloisons-amovibles-bureau-oise-val-d-oise\/#breadcrumb\"},\"inLanguage\":\"fr-FR\",\"potentialAction\":[{\"@type\":\"ReadAction\",\"target\":[\"https:\/\/www.apluspose.com\/galerie\/cloisons-amovibles-bureau-oise-val-d-oise\/\"]}]},{\"@type\":\"BreadcrumbList\",\"@id\":\"https:\/\/www.apluspose.com\/galerie\/cloisons-amovibles-bureau-oise-val-d-oise\/#breadcrumb\",\"itemListElement\":[{\"@type\":\"ListItem\",\"position\":1,\"name\":\"Accueil\",\"item\":\"https:\/\/www.apluspose.com\/galerie\/\"},{\"@type\":\"ListItem\",\"position\":2,\"name\":\"Cloisons amovibles\"}]},{\"@type\":\"WebSite\",\"@id\":\"https:\/\/www.apluspose.com\/galerie\/#website\",\"url\":\"https:\/\/www.apluspose.com\/galerie\/\",\"name\":\"A plus pose - Sp\u00e9cialiste de l&#039;am\u00e9nagement et r\u00e9novation chez les particuliers et sp\u00e9cialiste des cloisons de bureaux pour les professionnels\",\"description\":\"\",\"publisher\":{\"@id\":\"https:\/\/www.apluspose.com\/galerie\/#organization\"},\"potentialAction\":[{\"@type\":\"SearchAction\",\"target\":{\"@type\":\"EntryPoint\",\"urlTemplate\":\"https:\/\/www.apluspose.com\/galerie\/?s={search_term_string}\"},\"query-input\":\"required name=search_term_string\"}],\"inLanguage\":\"fr-FR\"},{\"@type\":\"Organization\",\"@id\":\"https:\/\/www.apluspose.com\/galerie\/#organization\",\"name\":\"A plus pose - Sp\u00e9cialiste de l&#039;am\u00e9nagement et r\u00e9novation chez les particuliers et sp\u00e9cialiste des cloisons de bureaux pour les professionnels\",\"url\":\"https:\/\/www.apluspose.com\/galerie\/\",\"logo\":{\"@type\":\"ImageObject\",\"inLanguage\":\"fr-FR\",\"@id\":\"https:\/\/www.apluspose.com\/galerie\/#\/schema\/logo\/image\/\",\"url\":\"https:\/\/www.apluspose.com\/galerie\/wp-content\/uploads\/2020\/01\/cropped-logo.png\",\"contentUrl\":\"https:\/\/www.apluspose.com\/galerie\/wp-content\/uploads\/2020\/01\/cropped-logo.png\",\"width\":100,\"height\":100,\"caption\":\"A plus pose - Sp\u00e9cialiste de l&#039;am\u00e9nagement et r\u00e9novation chez les particuliers et sp\u00e9cialiste des cloisons de bureaux pour les professionnels\"},\"image\":{\"@id\":\"https:\/\/www.apluspose.com\/galerie\/#\/schema\/logo\/image\/\"}}]}<\/script>\n<!-- \/ Yoast SEO plugin. -->","yoast_head_json":{"title":"Cloisons amovibles de bureau Oise Val d'Oise : A+ Pose","description":"Cloison de bureau vitr\u00e9e alu dans l'Oise et le Val d'oise : A+ Pose fournit un travail de qualit\u00e9 pour l'am\u00e9nagement de vos bureaux et locaux","robots":{"index":"index","follow":"follow","max-snippet":"max-snippet:-1","max-image-preview":"max-image-preview:large","max-video-preview":"max-video-preview:-1"},"canonical":"https:\/\/www.apluspose.com\/galerie\/cloisons-amovibles-bureau-oise-val-d-oise\/","og_locale":"fr_FR","og_type":"article","og_title":"Cloisons amovibles de bureau Oise Val d'Oise : A+ Pose","og_description":"Cloison de bureau vitr\u00e9e alu dans l'Oise et le Val d'oise : A+ Pose fournit un travail de qualit\u00e9 pour l'am\u00e9nagement de vos bureaux et locaux","og_url":"https:\/\/www.apluspose.com\/galerie\/cloisons-amovibles-bureau-oise-val-d-oise\/","og_site_name":"A plus pose - Sp\u00e9cialiste de l&#039;am\u00e9nagement et r\u00e9novation chez les particuliers et sp\u00e9cialiste des cloisons de bureaux pour les professionnels","article_modified_time":"2023-04-17T14:50:43+00:00","twitter_card":"summary_large_image","twitter_misc":{"Dur\u00e9e de lecture estim\u00e9e":"1 minute"},"schema":{"@context":"https:\/\/schema.org","@graph":[{"@type":"WebPage","@id":"https:\/\/www.apluspose.com\/galerie\/cloisons-amovibles-bureau-oise-val-d-oise\/","url":"https:\/\/www.apluspose.com\/galerie\/cloisons-amovibles-bureau-oise-val-d-oise\/","name":"Cloisons amovibles de bureau Oise Val d'Oise : A+ Pose","isPartOf":{"@id":"https:\/\/www.apluspose.com\/galerie\/#website"},"datePublished":"2020-01-14T08:27:50+00:00","dateModified":"2023-04-17T14:50:43+00:00","description":"Cloison de bureau vitr\u00e9e alu dans l'Oise et le Val d'oise : A+ Pose fournit un travail de qualit\u00e9 pour l'am\u00e9nagement de vos bureaux et locaux","breadcrumb":{"@id":"https:\/\/www.apluspose.com\/galerie\/cloisons-amovibles-bureau-oise-val-d-oise\/#breadcrumb"},"inLanguage":"fr-FR","potentialAction":[{"@type":"ReadAction","target":["https:\/\/www.apluspose.com\/galerie\/cloisons-amovibles-bureau-oise-val-d-oise\/"]}]},{"@type":"BreadcrumbList","@id":"https:\/\/www.apluspose.com\/galerie\/cloisons-amovibles-bureau-oise-val-d-oise\/#breadcrumb","itemListElement":[{"@type":"ListItem","position":1,"name":"Accueil","item":"https:\/\/www.apluspose.com\/galerie\/"},{"@type":"ListItem","position":2,"name":"Cloisons amovibles"}]},{"@type":"WebSite","@id":"https:\/\/www.apluspose.com\/galerie\/#website","url":"https:\/\/www.apluspose.com\/galerie\/","name":"A plus pose - Sp\u00e9cialiste de l&#039;am\u00e9nagement et r\u00e9novation chez les particuliers et sp\u00e9cialiste des cloisons de bureaux pour les professionnels","description":"","publisher":{"@id":"https:\/\/www.apluspose.com\/galerie\/#organization"},"potentialAction":[{"@type":"SearchAction","target":{"@type":"EntryPoint","urlTemplate":"https:\/\/www.apluspose.com\/galerie\/?s={search_term_string}"},"query-input":"required name=search_term_string"}],"inLanguage":"fr-FR"},{"@type":"Organization","@id":"https:\/\/www.apluspose.com\/galerie\/#organization","name":"A plus pose - Sp\u00e9cialiste de l&#039;am\u00e9nagement et r\u00e9novation chez les particuliers et sp\u00e9cialiste des cloisons de bureaux pour les professionnels","url":"https:\/\/www.apluspose.com\/galerie\/","logo":{"@type":"ImageObject","inLanguage":"fr-FR","@id":"https:\/\/www.apluspose.com\/galerie\/#\/schema\/logo\/image\/","url":"https:\/\/www.apluspose.com\/galerie\/wp-content\/uploads\/2020\/01\/cropped-logo.png","contentUrl":"https:\/\/www.apluspose.com\/galerie\/wp-content\/uploads\/2020\/01\/cropped-logo.png","width":100,"height":100,"caption":"A plus pose - Sp\u00e9cialiste de l&#039;am\u00e9nagement et r\u00e9novation chez les particuliers et sp\u00e9cialiste des cloisons de bureaux pour les professionnels"},"image":{"@id":"https:\/\/www.apluspose.com\/galerie\/#\/schema\/logo\/image\/"}}]}},"_links":{"self":[{"href":"https:\/\/www.apluspose.com\/galerie\/wp-json\/wp\/v2\/pages\/193"}],"collection":[{"href":"https:\/\/www.apluspose.com\/galerie\/wp-json\/wp\/v2\/pages"}],"about":[{"href":"https:\/\/www.apluspose.com\/galerie\/wp-json\/wp\/v2\/types\/page"}],"author":[{"embeddable":true,"href":"https:\/\/www.apluspose.com\/galerie\/wp-json\/wp\/v2\/users\/1"}],"replies":[{"embeddable":true,"href":"https:\/\/www.apluspose.com\/galerie\/wp-json\/wp\/v2\/comments?post=193"}],"version-history":[{"count":26,"href":"https:\/\/www.apluspose.com\/galerie\/wp-json\/wp\/v2\/pages\/193\/revisions"}],"predecessor-version":[{"id":821,"href":"https:\/\/www.apluspose.com\/galerie\/wp-json\/wp\/v2\/pages\/193\/revisions\/821"}],"wp:attachment":[{"href":"https:\/\/www.apluspose.com\/galerie\/wp-json\/wp\/v2\/media?parent=193"}],"curies":[{"name":"wp","href":"https:\/\/api.w.org\/{rel}","templated":true}]}}