{"id":549,"date":"2020-05-22T17:56:33","date_gmt":"2020-05-22T15:56:33","guid":{"rendered":"https:\/\/www.apluspose.com\/galerie\/?page_id=549"},"modified":"2020-05-22T17:59:08","modified_gmt":"2020-05-22T15:59:08","slug":"creation-de-protection-hygiaphone-sur-mesure-oise-val-d-oise","status":"publish","type":"page","link":"https:\/\/www.apluspose.com\/galerie\/creation-de-protection-hygiaphone-sur-mesure-oise-val-d-oise\/","title":{"rendered":"Cr\u00e9ation de protection hygiaphone sur mesure"},"content":{"rendered":"<p>[vc_row][vc_column][vc_column_text]<\/p>\n<h2 style=\"font-size: 24px; text-align: center;\">A+ Pose &#8211; cr\u00e9ation de protection plexiglass hygiaphone sur mesure dans l&rsquo;Oise et Val d&rsquo;Oise<\/h2>\n<h3 style=\"text-align: center;\">Cr\u00e9ation de Protection sur mesure pour les commerces, transporteurs, bureaux, restaurants<\/h3>\n<p style=\"text-align: center;\">Plexiglass, chassis alu ou bois, coulissant ou non coulissant, selon configuration et besoin<\/p>\n<p>[\/vc_column_text][\/vc_column][\/vc_row][vc_row][vc_column][vc_empty_space][\/vc_column][\/vc_row][vc_row content_placement=\u00a0\u00bbmiddle\u00a0\u00bb][vc_column][vc_masonry_media_grid element_width=\u00a0\u00bb3&Prime; grid_id=\u00a0\u00bbvc_gid:1590163026756-c6f91406-8d09-8&Prime; include=\u00a0\u00bb547,546,545,544,542,543,541,540,539,538,537&Prime;][\/vc_column][\/vc_row]<\/p>\n","protected":false},"excerpt":{"rendered":"<p>[vc_row][vc_column][vc_column_text] A+ Pose &#8211; cr\u00e9ation de protection plexiglass hygiaphone sur mesure dans l&rsquo;Oise et Val d&rsquo;Oise Cr\u00e9ation de Protection sur mesure pour les commerces, transporteurs, bureaux, restaurants Plexiglass, chassis alu ou bois, coulissant ou non coulissant, selon configuration et besoin [\/vc_column_text][\/vc_column][\/vc_row][vc_row][vc_column][vc_empty_space][\/vc_column][\/vc_row][vc_row content_placement=\u00a0\u00bbmiddle\u00a0\u00bb][vc_column][vc_masonry_media_grid element_width=\u00a0\u00bb3&Prime; grid_id=\u00a0\u00bbvc_gid:1590163026756-c6f91406-8d09-8&Prime; include=\u00a0\u00bb547,546,545,544,542,543,541,540,539,538,537&Prime;][\/vc_column][\/vc_row]<\/p>\n","protected":false},"author":1,"featured_media":0,"parent":0,"menu_order":0,"comment_status":"closed","ping_status":"closed","template":"","meta":[],"yoast_head":"<!-- This site is optimized with the Yoast SEO plugin v20.5 - https:\/\/yoast.com\/wordpress\/plugins\/seo\/ -->\n<title>Cr\u00e9ation de protection hygiaphone sur mesure - A plus pose - Sp\u00e9cialiste de l&#039;am\u00e9nagement et r\u00e9novation chez les particuliers et sp\u00e9cialiste des cloisons de bureaux pour les professionnels<\/title>\n<meta name=\"description\" content=\"Cr\u00e9ation de protection hygiaphone sur mesure dans l&#039;Oise et Val d&#039;oise : plexiglass, chassis alu, chassis bois, coulissant ou non coulissant\" \/>\n<meta name=\"robots\" content=\"index, follow, max-snippet:-1, max-image-preview:large, max-video-preview:-1\" \/>\n<link rel=\"canonical\" href=\"https:\/\/www.apluspose.com\/galerie\/creation-de-protection-hygiaphone-sur-mesure-oise-val-d-oise\/\" \/>\n<meta property=\"og:locale\" content=\"fr_FR\" \/>\n<meta property=\"og:type\" content=\"article\" \/>\n<meta property=\"og:title\" content=\"Cr\u00e9ation de protection hygiaphone sur mesure - A plus pose - Sp\u00e9cialiste de l&#039;am\u00e9nagement et r\u00e9novation chez les particuliers et sp\u00e9cialiste des cloisons de bureaux pour les professionnels\" \/>\n<meta property=\"og:description\" content=\"Cr\u00e9ation de protection hygiaphone sur mesure dans l&#039;Oise et Val d&#039;oise : plexiglass, chassis alu, chassis bois, coulissant ou non coulissant\" \/>\n<meta property=\"og:url\" content=\"https:\/\/www.apluspose.com\/galerie\/creation-de-protection-hygiaphone-sur-mesure-oise-val-d-oise\/\" \/>\n<meta property=\"og:site_name\" content=\"A plus pose - Sp\u00e9cialiste de l&#039;am\u00e9nagement et r\u00e9novation chez les particuliers et sp\u00e9cialiste des cloisons de bureaux pour les professionnels\" \/>\n<meta property=\"article:modified_time\" content=\"2020-05-22T15:59:08+00:00\" \/>\n<meta name=\"twitter:card\" content=\"summary_large_image\" \/>\n<script type=\"application\/ld+json\" class=\"yoast-schema-graph\">{\"@context\":\"https:\/\/schema.org\",\"@graph\":[{\"@type\":\"WebPage\",\"@id\":\"https:\/\/www.apluspose.com\/galerie\/creation-de-protection-hygiaphone-sur-mesure-oise-val-d-oise\/\",\"url\":\"https:\/\/www.apluspose.com\/galerie\/creation-de-protection-hygiaphone-sur-mesure-oise-val-d-oise\/\",\"name\":\"Cr\u00e9ation de protection hygiaphone sur mesure - A plus pose - Sp\u00e9cialiste de l&#039;am\u00e9nagement et r\u00e9novation chez les particuliers et sp\u00e9cialiste des cloisons de bureaux pour les professionnels\",\"isPartOf\":{\"@id\":\"https:\/\/www.apluspose.com\/galerie\/#website\"},\"datePublished\":\"2020-05-22T15:56:33+00:00\",\"dateModified\":\"2020-05-22T15:59:08+00:00\",\"description\":\"Cr\u00e9ation de protection hygiaphone sur mesure dans l'Oise et Val d'oise : plexiglass, chassis alu, chassis bois, coulissant ou non coulissant\",\"breadcrumb\":{\"@id\":\"https:\/\/www.apluspose.com\/galerie\/creation-de-protection-hygiaphone-sur-mesure-oise-val-d-oise\/#breadcrumb\"},\"inLanguage\":\"fr-FR\",\"potentialAction\":[{\"@type\":\"ReadAction\",\"target\":[\"https:\/\/www.apluspose.com\/galerie\/creation-de-protection-hygiaphone-sur-mesure-oise-val-d-oise\/\"]}]},{\"@type\":\"BreadcrumbList\",\"@id\":\"https:\/\/www.apluspose.com\/galerie\/creation-de-protection-hygiaphone-sur-mesure-oise-val-d-oise\/#breadcrumb\",\"itemListElement\":[{\"@type\":\"ListItem\",\"position\":1,\"name\":\"Accueil\",\"item\":\"https:\/\/www.apluspose.com\/galerie\/\"},{\"@type\":\"ListItem\",\"position\":2,\"name\":\"Cr\u00e9ation de protection hygiaphone sur mesure\"}]},{\"@type\":\"WebSite\",\"@id\":\"https:\/\/www.apluspose.com\/galerie\/#website\",\"url\":\"https:\/\/www.apluspose.com\/galerie\/\",\"name\":\"A plus pose - Sp\u00e9cialiste de l&#039;am\u00e9nagement et r\u00e9novation chez les particuliers et sp\u00e9cialiste des cloisons de bureaux pour les professionnels\",\"description\":\"\",\"publisher\":{\"@id\":\"https:\/\/www.apluspose.com\/galerie\/#organization\"},\"potentialAction\":[{\"@type\":\"SearchAction\",\"target\":{\"@type\":\"EntryPoint\",\"urlTemplate\":\"https:\/\/www.apluspose.com\/galerie\/?s={search_term_string}\"},\"query-input\":\"required name=search_term_string\"}],\"inLanguage\":\"fr-FR\"},{\"@type\":\"Organization\",\"@id\":\"https:\/\/www.apluspose.com\/galerie\/#organization\",\"name\":\"A plus pose - Sp\u00e9cialiste de l&#039;am\u00e9nagement et r\u00e9novation chez les particuliers et sp\u00e9cialiste des cloisons de bureaux pour les professionnels\",\"url\":\"https:\/\/www.apluspose.com\/galerie\/\",\"logo\":{\"@type\":\"ImageObject\",\"inLanguage\":\"fr-FR\",\"@id\":\"https:\/\/www.apluspose.com\/galerie\/#\/schema\/logo\/image\/\",\"url\":\"https:\/\/www.apluspose.com\/galerie\/wp-content\/uploads\/2020\/01\/cropped-logo.png\",\"contentUrl\":\"https:\/\/www.apluspose.com\/galerie\/wp-content\/uploads\/2020\/01\/cropped-logo.png\",\"width\":100,\"height\":100,\"caption\":\"A plus pose - Sp\u00e9cialiste de l&#039;am\u00e9nagement et r\u00e9novation chez les particuliers et sp\u00e9cialiste des cloisons de bureaux pour les professionnels\"},\"image\":{\"@id\":\"https:\/\/www.apluspose.com\/galerie\/#\/schema\/logo\/image\/\"}}]}<\/script>\n<!-- \/ Yoast SEO plugin. -->","yoast_head_json":{"title":"Cr\u00e9ation de protection hygiaphone sur mesure - A plus pose - Sp\u00e9cialiste de l&#039;am\u00e9nagement et r\u00e9novation chez les particuliers et sp\u00e9cialiste des cloisons de bureaux pour les professionnels","description":"Cr\u00e9ation de protection hygiaphone sur mesure dans l'Oise et Val d'oise : plexiglass, chassis alu, chassis bois, coulissant ou non coulissant","robots":{"index":"index","follow":"follow","max-snippet":"max-snippet:-1","max-image-preview":"max-image-preview:large","max-video-preview":"max-video-preview:-1"},"canonical":"https:\/\/www.apluspose.com\/galerie\/creation-de-protection-hygiaphone-sur-mesure-oise-val-d-oise\/","og_locale":"fr_FR","og_type":"article","og_title":"Cr\u00e9ation de protection hygiaphone sur mesure - A plus pose - Sp\u00e9cialiste de l&#039;am\u00e9nagement et r\u00e9novation chez les particuliers et sp\u00e9cialiste des cloisons de bureaux pour les professionnels","og_description":"Cr\u00e9ation de protection hygiaphone sur mesure dans l'Oise et Val d'oise : plexiglass, chassis alu, chassis bois, coulissant ou non coulissant","og_url":"https:\/\/www.apluspose.com\/galerie\/creation-de-protection-hygiaphone-sur-mesure-oise-val-d-oise\/","og_site_name":"A plus pose - Sp\u00e9cialiste de l&#039;am\u00e9nagement et r\u00e9novation chez les particuliers et sp\u00e9cialiste des cloisons de bureaux pour les professionnels","article_modified_time":"2020-05-22T15:59:08+00:00","twitter_card":"summary_large_image","schema":{"@context":"https:\/\/schema.org","@graph":[{"@type":"WebPage","@id":"https:\/\/www.apluspose.com\/galerie\/creation-de-protection-hygiaphone-sur-mesure-oise-val-d-oise\/","url":"https:\/\/www.apluspose.com\/galerie\/creation-de-protection-hygiaphone-sur-mesure-oise-val-d-oise\/","name":"Cr\u00e9ation de protection hygiaphone sur mesure - A plus pose - Sp\u00e9cialiste de l&#039;am\u00e9nagement et r\u00e9novation chez les particuliers et sp\u00e9cialiste des cloisons de bureaux pour les professionnels","isPartOf":{"@id":"https:\/\/www.apluspose.com\/galerie\/#website"},"datePublished":"2020-05-22T15:56:33+00:00","dateModified":"2020-05-22T15:59:08+00:00","description":"Cr\u00e9ation de protection hygiaphone sur mesure dans l'Oise et Val d'oise : plexiglass, chassis alu, chassis bois, coulissant ou non coulissant","breadcrumb":{"@id":"https:\/\/www.apluspose.com\/galerie\/creation-de-protection-hygiaphone-sur-mesure-oise-val-d-oise\/#breadcrumb"},"inLanguage":"fr-FR","potentialAction":[{"@type":"ReadAction","target":["https:\/\/www.apluspose.com\/galerie\/creation-de-protection-hygiaphone-sur-mesure-oise-val-d-oise\/"]}]},{"@type":"BreadcrumbList","@id":"https:\/\/www.apluspose.com\/galerie\/creation-de-protection-hygiaphone-sur-mesure-oise-val-d-oise\/#breadcrumb","itemListElement":[{"@type":"ListItem","position":1,"name":"Accueil","item":"https:\/\/www.apluspose.com\/galerie\/"},{"@type":"ListItem","position":2,"name":"Cr\u00e9ation de protection hygiaphone sur mesure"}]},{"@type":"WebSite","@id":"https:\/\/www.apluspose.com\/galerie\/#website","url":"https:\/\/www.apluspose.com\/galerie\/","name":"A plus pose - Sp\u00e9cialiste de l&#039;am\u00e9nagement et r\u00e9novation chez les particuliers et sp\u00e9cialiste des cloisons de bureaux pour les professionnels","description":"","publisher":{"@id":"https:\/\/www.apluspose.com\/galerie\/#organization"},"potentialAction":[{"@type":"SearchAction","target":{"@type":"EntryPoint","urlTemplate":"https:\/\/www.apluspose.com\/galerie\/?s={search_term_string}"},"query-input":"required name=search_term_string"}],"inLanguage":"fr-FR"},{"@type":"Organization","@id":"https:\/\/www.apluspose.com\/galerie\/#organization","name":"A plus pose - Sp\u00e9cialiste de l&#039;am\u00e9nagement et r\u00e9novation chez les particuliers et sp\u00e9cialiste des cloisons de bureaux pour les professionnels","url":"https:\/\/www.apluspose.com\/galerie\/","logo":{"@type":"ImageObject","inLanguage":"fr-FR","@id":"https:\/\/www.apluspose.com\/galerie\/#\/schema\/logo\/image\/","url":"https:\/\/www.apluspose.com\/galerie\/wp-content\/uploads\/2020\/01\/cropped-logo.png","contentUrl":"https:\/\/www.apluspose.com\/galerie\/wp-content\/uploads\/2020\/01\/cropped-logo.png","width":100,"height":100,"caption":"A plus pose - Sp\u00e9cialiste de l&#039;am\u00e9nagement et r\u00e9novation chez les particuliers et sp\u00e9cialiste des cloisons de bureaux pour les professionnels"},"image":{"@id":"https:\/\/www.apluspose.com\/galerie\/#\/schema\/logo\/image\/"}}]}},"_links":{"self":[{"href":"https:\/\/www.apluspose.com\/galerie\/wp-json\/wp\/v2\/pages\/549"}],"collection":[{"href":"https:\/\/www.apluspose.com\/galerie\/wp-json\/wp\/v2\/pages"}],"about":[{"href":"https:\/\/www.apluspose.com\/galerie\/wp-json\/wp\/v2\/types\/page"}],"author":[{"embeddable":true,"href":"https:\/\/www.apluspose.com\/galerie\/wp-json\/wp\/v2\/users\/1"}],"replies":[{"embeddable":true,"href":"https:\/\/www.apluspose.com\/galerie\/wp-json\/wp\/v2\/comments?post=549"}],"version-history":[{"count":4,"href":"https:\/\/www.apluspose.com\/galerie\/wp-json\/wp\/v2\/pages\/549\/revisions"}],"predecessor-version":[{"id":553,"href":"https:\/\/www.apluspose.com\/galerie\/wp-json\/wp\/v2\/pages\/549\/revisions\/553"}],"wp:attachment":[{"href":"https:\/\/www.apluspose.com\/galerie\/wp-json\/wp\/v2\/media?parent=549"}],"curies":[{"name":"wp","href":"https:\/\/api.w.org\/{rel}","templated":true}]}}