{"id":559,"date":"2020-05-22T18:12:01","date_gmt":"2020-05-22T16:12:01","guid":{"rendered":"https:\/\/www.apluspose.com\/galerie\/?page_id=559"},"modified":"2021-06-17T17:47:11","modified_gmt":"2021-06-17T15:47:11","slug":"renovation-changement-fenetre-porte-menuiserie-oise-val-d-oise","status":"publish","type":"page","link":"https:\/\/www.apluspose.com\/galerie\/renovation-changement-fenetre-porte-menuiserie-oise-val-d-oise\/","title":{"rendered":"Menuiserie"},"content":{"rendered":"<p>[vc_row][vc_column][vc_column_text]<\/p>\n<h2 style=\"font-size: 24px; text-align: center;\">A+ Pose &#8211; r\u00e9novation fen\u00eatre, porte et menuiserie dans l&rsquo;Oise : Beauvais, Creil, Senlis, Chambly, Persan, Luzarches, Nogent sur Oise, Compi\u00e8gne,M\u00e9ru<\/h2>\n<p>[\/vc_column_text][\/vc_column][\/vc_row][vc_row][vc_column][vc_empty_space][\/vc_column][\/vc_row][vc_row content_placement=\u00a0\u00bbmiddle\u00a0\u00bb][vc_column][vc_masonry_media_grid element_width=\u00a0\u00bb3&Prime; grid_id=\u00a0\u00bbvc_gid:1623944796151-4cbc7301-ca63-5&Prime; include=\u00a0\u00bb560,561,562,563,564,565,566,567,568,569,570,571,572,573,574,575,576,577,580,581,582,583,584,585,709,710,711,712,713,714,715&Prime;][\/vc_column][\/vc_row]<\/p>\n","protected":false},"excerpt":{"rendered":"<p>[vc_row][vc_column][vc_column_text] A+ Pose &#8211; r\u00e9novation fen\u00eatre, porte et menuiserie dans l&rsquo;Oise : Beauvais, Creil, Senlis, Chambly, Persan, Luzarches, Nogent sur Oise, Compi\u00e8gne,M\u00e9ru [\/vc_column_text][\/vc_column][\/vc_row][vc_row][vc_column][vc_empty_space][\/vc_column][\/vc_row][vc_row content_placement=\u00a0\u00bbmiddle\u00a0\u00bb][vc_column][vc_masonry_media_grid element_width=\u00a0\u00bb3&Prime; grid_id=\u00a0\u00bbvc_gid:1623944796151-4cbc7301-ca63-5&Prime; include=\u00a0\u00bb560,561,562,563,564,565,566,567,568,569,570,571,572,573,574,575,576,577,580,581,582,583,584,585,709,710,711,712,713,714,715&Prime;][\/vc_column][\/vc_row]<\/p>\n","protected":false},"author":1,"featured_media":0,"parent":0,"menu_order":0,"comment_status":"closed","ping_status":"closed","template":"","meta":[],"yoast_head":"<!-- This site is optimized with the Yoast SEO plugin v20.5 - https:\/\/yoast.com\/wordpress\/plugins\/seo\/ -->\n<title>Menuiserie - A plus pose - Sp\u00e9cialiste de l&#039;am\u00e9nagement et r\u00e9novation chez les particuliers et sp\u00e9cialiste des cloisons de bureaux pour les professionnels<\/title>\n<meta name=\"description\" content=\"R\u00e9novation, remplacement de vos fen\u00eatres, portes, cr\u00e9ation de menuiserie sur mesure : placard, cuisine\" \/>\n<meta name=\"robots\" content=\"index, follow, max-snippet:-1, max-image-preview:large, max-video-preview:-1\" \/>\n<link rel=\"canonical\" href=\"https:\/\/www.apluspose.com\/galerie\/renovation-changement-fenetre-porte-menuiserie-oise-val-d-oise\/\" \/>\n<meta property=\"og:locale\" content=\"fr_FR\" \/>\n<meta property=\"og:type\" content=\"article\" \/>\n<meta property=\"og:title\" content=\"Menuiserie - A plus pose - Sp\u00e9cialiste de l&#039;am\u00e9nagement et r\u00e9novation chez les particuliers et sp\u00e9cialiste des cloisons de bureaux pour les professionnels\" \/>\n<meta property=\"og:description\" content=\"R\u00e9novation, remplacement de vos fen\u00eatres, portes, cr\u00e9ation de menuiserie sur mesure : placard, cuisine\" \/>\n<meta property=\"og:url\" content=\"https:\/\/www.apluspose.com\/galerie\/renovation-changement-fenetre-porte-menuiserie-oise-val-d-oise\/\" \/>\n<meta property=\"og:site_name\" content=\"A plus pose - Sp\u00e9cialiste de l&#039;am\u00e9nagement et r\u00e9novation chez les particuliers et sp\u00e9cialiste des cloisons de bureaux pour les professionnels\" \/>\n<meta property=\"article:modified_time\" content=\"2021-06-17T15:47:11+00:00\" \/>\n<meta name=\"twitter:card\" content=\"summary_large_image\" \/>\n<script type=\"application\/ld+json\" class=\"yoast-schema-graph\">{\"@context\":\"https:\/\/schema.org\",\"@graph\":[{\"@type\":\"WebPage\",\"@id\":\"https:\/\/www.apluspose.com\/galerie\/renovation-changement-fenetre-porte-menuiserie-oise-val-d-oise\/\",\"url\":\"https:\/\/www.apluspose.com\/galerie\/renovation-changement-fenetre-porte-menuiserie-oise-val-d-oise\/\",\"name\":\"Menuiserie - A plus pose - Sp\u00e9cialiste de l&#039;am\u00e9nagement et r\u00e9novation chez les particuliers et sp\u00e9cialiste des cloisons de bureaux pour les professionnels\",\"isPartOf\":{\"@id\":\"https:\/\/www.apluspose.com\/galerie\/#website\"},\"datePublished\":\"2020-05-22T16:12:01+00:00\",\"dateModified\":\"2021-06-17T15:47:11+00:00\",\"description\":\"R\u00e9novation, remplacement de vos fen\u00eatres, portes, cr\u00e9ation de menuiserie sur mesure : placard, cuisine\",\"breadcrumb\":{\"@id\":\"https:\/\/www.apluspose.com\/galerie\/renovation-changement-fenetre-porte-menuiserie-oise-val-d-oise\/#breadcrumb\"},\"inLanguage\":\"fr-FR\",\"potentialAction\":[{\"@type\":\"ReadAction\",\"target\":[\"https:\/\/www.apluspose.com\/galerie\/renovation-changement-fenetre-porte-menuiserie-oise-val-d-oise\/\"]}]},{\"@type\":\"BreadcrumbList\",\"@id\":\"https:\/\/www.apluspose.com\/galerie\/renovation-changement-fenetre-porte-menuiserie-oise-val-d-oise\/#breadcrumb\",\"itemListElement\":[{\"@type\":\"ListItem\",\"position\":1,\"name\":\"Accueil\",\"item\":\"https:\/\/www.apluspose.com\/galerie\/\"},{\"@type\":\"ListItem\",\"position\":2,\"name\":\"Menuiserie\"}]},{\"@type\":\"WebSite\",\"@id\":\"https:\/\/www.apluspose.com\/galerie\/#website\",\"url\":\"https:\/\/www.apluspose.com\/galerie\/\",\"name\":\"A plus pose - Sp\u00e9cialiste de l&#039;am\u00e9nagement et r\u00e9novation chez les particuliers et sp\u00e9cialiste des cloisons de bureaux pour les professionnels\",\"description\":\"\",\"publisher\":{\"@id\":\"https:\/\/www.apluspose.com\/galerie\/#organization\"},\"potentialAction\":[{\"@type\":\"SearchAction\",\"target\":{\"@type\":\"EntryPoint\",\"urlTemplate\":\"https:\/\/www.apluspose.com\/galerie\/?s={search_term_string}\"},\"query-input\":\"required name=search_term_string\"}],\"inLanguage\":\"fr-FR\"},{\"@type\":\"Organization\",\"@id\":\"https:\/\/www.apluspose.com\/galerie\/#organization\",\"name\":\"A plus pose - Sp\u00e9cialiste de l&#039;am\u00e9nagement et r\u00e9novation chez les particuliers et sp\u00e9cialiste des cloisons de bureaux pour les professionnels\",\"url\":\"https:\/\/www.apluspose.com\/galerie\/\",\"logo\":{\"@type\":\"ImageObject\",\"inLanguage\":\"fr-FR\",\"@id\":\"https:\/\/www.apluspose.com\/galerie\/#\/schema\/logo\/image\/\",\"url\":\"https:\/\/www.apluspose.com\/galerie\/wp-content\/uploads\/2020\/01\/cropped-logo.png\",\"contentUrl\":\"https:\/\/www.apluspose.com\/galerie\/wp-content\/uploads\/2020\/01\/cropped-logo.png\",\"width\":100,\"height\":100,\"caption\":\"A plus pose - Sp\u00e9cialiste de l&#039;am\u00e9nagement et r\u00e9novation chez les particuliers et sp\u00e9cialiste des cloisons de bureaux pour les professionnels\"},\"image\":{\"@id\":\"https:\/\/www.apluspose.com\/galerie\/#\/schema\/logo\/image\/\"}}]}<\/script>\n<!-- \/ Yoast SEO plugin. -->","yoast_head_json":{"title":"Menuiserie - A plus pose - Sp\u00e9cialiste de l&#039;am\u00e9nagement et r\u00e9novation chez les particuliers et sp\u00e9cialiste des cloisons de bureaux pour les professionnels","description":"R\u00e9novation, remplacement de vos fen\u00eatres, portes, cr\u00e9ation de menuiserie sur mesure : placard, cuisine","robots":{"index":"index","follow":"follow","max-snippet":"max-snippet:-1","max-image-preview":"max-image-preview:large","max-video-preview":"max-video-preview:-1"},"canonical":"https:\/\/www.apluspose.com\/galerie\/renovation-changement-fenetre-porte-menuiserie-oise-val-d-oise\/","og_locale":"fr_FR","og_type":"article","og_title":"Menuiserie - A plus pose - Sp\u00e9cialiste de l&#039;am\u00e9nagement et r\u00e9novation chez les particuliers et sp\u00e9cialiste des cloisons de bureaux pour les professionnels","og_description":"R\u00e9novation, remplacement de vos fen\u00eatres, portes, cr\u00e9ation de menuiserie sur mesure : placard, cuisine","og_url":"https:\/\/www.apluspose.com\/galerie\/renovation-changement-fenetre-porte-menuiserie-oise-val-d-oise\/","og_site_name":"A plus pose - Sp\u00e9cialiste de l&#039;am\u00e9nagement et r\u00e9novation chez les particuliers et sp\u00e9cialiste des cloisons de bureaux pour les professionnels","article_modified_time":"2021-06-17T15:47:11+00:00","twitter_card":"summary_large_image","schema":{"@context":"https:\/\/schema.org","@graph":[{"@type":"WebPage","@id":"https:\/\/www.apluspose.com\/galerie\/renovation-changement-fenetre-porte-menuiserie-oise-val-d-oise\/","url":"https:\/\/www.apluspose.com\/galerie\/renovation-changement-fenetre-porte-menuiserie-oise-val-d-oise\/","name":"Menuiserie - A plus pose - Sp\u00e9cialiste de l&#039;am\u00e9nagement et r\u00e9novation chez les particuliers et sp\u00e9cialiste des cloisons de bureaux pour les professionnels","isPartOf":{"@id":"https:\/\/www.apluspose.com\/galerie\/#website"},"datePublished":"2020-05-22T16:12:01+00:00","dateModified":"2021-06-17T15:47:11+00:00","description":"R\u00e9novation, remplacement de vos fen\u00eatres, portes, cr\u00e9ation de menuiserie sur mesure : placard, cuisine","breadcrumb":{"@id":"https:\/\/www.apluspose.com\/galerie\/renovation-changement-fenetre-porte-menuiserie-oise-val-d-oise\/#breadcrumb"},"inLanguage":"fr-FR","potentialAction":[{"@type":"ReadAction","target":["https:\/\/www.apluspose.com\/galerie\/renovation-changement-fenetre-porte-menuiserie-oise-val-d-oise\/"]}]},{"@type":"BreadcrumbList","@id":"https:\/\/www.apluspose.com\/galerie\/renovation-changement-fenetre-porte-menuiserie-oise-val-d-oise\/#breadcrumb","itemListElement":[{"@type":"ListItem","position":1,"name":"Accueil","item":"https:\/\/www.apluspose.com\/galerie\/"},{"@type":"ListItem","position":2,"name":"Menuiserie"}]},{"@type":"WebSite","@id":"https:\/\/www.apluspose.com\/galerie\/#website","url":"https:\/\/www.apluspose.com\/galerie\/","name":"A plus pose - Sp\u00e9cialiste de l&#039;am\u00e9nagement et r\u00e9novation chez les particuliers et sp\u00e9cialiste des cloisons de bureaux pour les professionnels","description":"","publisher":{"@id":"https:\/\/www.apluspose.com\/galerie\/#organization"},"potentialAction":[{"@type":"SearchAction","target":{"@type":"EntryPoint","urlTemplate":"https:\/\/www.apluspose.com\/galerie\/?s={search_term_string}"},"query-input":"required name=search_term_string"}],"inLanguage":"fr-FR"},{"@type":"Organization","@id":"https:\/\/www.apluspose.com\/galerie\/#organization","name":"A plus pose - Sp\u00e9cialiste de l&#039;am\u00e9nagement et r\u00e9novation chez les particuliers et sp\u00e9cialiste des cloisons de bureaux pour les professionnels","url":"https:\/\/www.apluspose.com\/galerie\/","logo":{"@type":"ImageObject","inLanguage":"fr-FR","@id":"https:\/\/www.apluspose.com\/galerie\/#\/schema\/logo\/image\/","url":"https:\/\/www.apluspose.com\/galerie\/wp-content\/uploads\/2020\/01\/cropped-logo.png","contentUrl":"https:\/\/www.apluspose.com\/galerie\/wp-content\/uploads\/2020\/01\/cropped-logo.png","width":100,"height":100,"caption":"A plus pose - Sp\u00e9cialiste de l&#039;am\u00e9nagement et r\u00e9novation chez les particuliers et sp\u00e9cialiste des cloisons de bureaux pour les professionnels"},"image":{"@id":"https:\/\/www.apluspose.com\/galerie\/#\/schema\/logo\/image\/"}}]}},"_links":{"self":[{"href":"https:\/\/www.apluspose.com\/galerie\/wp-json\/wp\/v2\/pages\/559"}],"collection":[{"href":"https:\/\/www.apluspose.com\/galerie\/wp-json\/wp\/v2\/pages"}],"about":[{"href":"https:\/\/www.apluspose.com\/galerie\/wp-json\/wp\/v2\/types\/page"}],"author":[{"embeddable":true,"href":"https:\/\/www.apluspose.com\/galerie\/wp-json\/wp\/v2\/users\/1"}],"replies":[{"embeddable":true,"href":"https:\/\/www.apluspose.com\/galerie\/wp-json\/wp\/v2\/comments?post=559"}],"version-history":[{"count":3,"href":"https:\/\/www.apluspose.com\/galerie\/wp-json\/wp\/v2\/pages\/559\/revisions"}],"predecessor-version":[{"id":716,"href":"https:\/\/www.apluspose.com\/galerie\/wp-json\/wp\/v2\/pages\/559\/revisions\/716"}],"wp:attachment":[{"href":"https:\/\/www.apluspose.com\/galerie\/wp-json\/wp\/v2\/media?parent=559"}],"curies":[{"name":"wp","href":"https:\/\/api.w.org\/{rel}","templated":true}]}}