{"id":639,"date":"2021-06-17T17:26:13","date_gmt":"2021-06-17T15:26:13","guid":{"rendered":"https:\/\/www.apluspose.com\/galerie\/?page_id=639"},"modified":"2021-06-17T17:41:15","modified_gmt":"2021-06-17T15:41:15","slug":"peinture-intereieure-exterieure","status":"publish","type":"page","link":"https:\/\/www.apluspose.com\/galerie\/peinture-intereieure-exterieure\/","title":{"rendered":"Peinture int\u00e9rieure\/ext\u00e9rieure"},"content":{"rendered":"<p>[vc_row][vc_column][vc_column_text]<\/p>\n<h2 style=\"font-size: 24px; text-align: center;\">Travaux de peinture int\u00e9rieure \/ ext\u00e9rieure dans l&rsquo;Oise et Val d&rsquo;Oise<\/h2>\n<h2 style=\"font-size: 24px; text-align: center;\">Nous intervenons pour vos travaux de peinture int\u00e9rieure\/ext\u00e9rieure pour nos clients particuliers, professionnels, commer\u00e7ants, entreprise, EHPAD, mairies et collectivit\u00e9s des villes de Beauvais, M\u00e9ru, Chambly, Persan, Creil, Chantilly, Luzarches, Senlis, Nogent-sur-Oise, Compi\u00e8gne, Cergy-Pontoise &#8230;<\/h2>\n<p>[\/vc_column_text][\/vc_column][\/vc_row][vc_row][vc_column][vc_empty_space][\/vc_column][\/vc_row][vc_row content_placement=\u00a0\u00bbmiddle\u00a0\u00bb][vc_column][vc_masonry_media_grid style=\u00a0\u00bblazy\u00a0\u00bb items_per_page=\u00a0\u00bb20&Prime; element_width=\u00a0\u00bb3&Prime; initial_loading_animation=\u00a0\u00bbfadeIn\u00a0\u00bb grid_id=\u00a0\u00bbvc_gid:1623944237627-11a15f69-17d8-8&Prime; include=\u00a0\u00bb643,644,645,646,647,648,649,650,651,652,653,654,655,656,657,658,659,660,661,662,663,664,665,666,667,668,669,670&Prime;][\/vc_column][\/vc_row]<\/p>\n","protected":false},"excerpt":{"rendered":"<p>[vc_row][vc_column][vc_column_text] Travaux de peinture int\u00e9rieure \/ ext\u00e9rieure dans l&rsquo;Oise et Val d&rsquo;Oise Nous intervenons pour vos travaux de peinture int\u00e9rieure\/ext\u00e9rieure pour nos clients particuliers, professionnels, commer\u00e7ants, entreprise, EHPAD, mairies et collectivit\u00e9s des villes de Beauvais, M\u00e9ru, Chambly, Persan, Creil, Chantilly, Luzarches, Senlis, Nogent-sur-Oise, Compi\u00e8gne, Cergy-Pontoise &#8230; [\/vc_column_text][\/vc_column][\/vc_row][vc_row][vc_column][vc_empty_space][\/vc_column][\/vc_row][vc_row content_placement=\u00a0\u00bbmiddle\u00a0\u00bb][vc_column][vc_masonry_media_grid style=\u00a0\u00bblazy\u00a0\u00bb items_per_page=\u00a0\u00bb20&Prime; element_width=\u00a0\u00bb3&Prime; initial_loading_animation=\u00a0\u00bbfadeIn\u00a0\u00bb grid_id=\u00a0\u00bbvc_gid:1623944237627-11a15f69-17d8-8&Prime; include=\u00a0\u00bb643,644,645,646,647,648,649,650,651,652,653,654,655,656,657,658,659,660,661,662,663,664,665,666,667,668,669,670&Prime;][\/vc_column][\/vc_row]<\/p>\n","protected":false},"author":1,"featured_media":0,"parent":0,"menu_order":0,"comment_status":"closed","ping_status":"closed","template":"","meta":[],"yoast_head":"<!-- This site is optimized with the Yoast SEO plugin v20.5 - https:\/\/yoast.com\/wordpress\/plugins\/seo\/ -->\n<title>Peinture int\u00e9rieure\/ext\u00e9rieure - A plus pose - Sp\u00e9cialiste de l&#039;am\u00e9nagement et r\u00e9novation chez les particuliers et sp\u00e9cialiste des cloisons de bureaux pour les professionnels<\/title>\n<meta name=\"description\" content=\"Travaux peinture int\u00e9rieur et ext\u00e9rieur dans l&#039;Oise et le Val d&#039;oise : A+ Pose fournit un travail de qualit\u00e9 pour tous vos travaux dans l&#039;Oise, Val d&#039;Oise\" \/>\n<meta name=\"robots\" content=\"index, follow, max-snippet:-1, max-image-preview:large, max-video-preview:-1\" \/>\n<link rel=\"canonical\" href=\"https:\/\/www.apluspose.com\/galerie\/peinture-intereieure-exterieure\/\" \/>\n<meta property=\"og:locale\" content=\"fr_FR\" \/>\n<meta property=\"og:type\" content=\"article\" \/>\n<meta property=\"og:title\" content=\"Peinture int\u00e9rieure\/ext\u00e9rieure - A plus pose - Sp\u00e9cialiste de l&#039;am\u00e9nagement et r\u00e9novation chez les particuliers et sp\u00e9cialiste des cloisons de bureaux pour les professionnels\" \/>\n<meta property=\"og:description\" content=\"Travaux peinture int\u00e9rieur et ext\u00e9rieur dans l&#039;Oise et le Val d&#039;oise : A+ Pose fournit un travail de qualit\u00e9 pour tous vos travaux dans l&#039;Oise, Val d&#039;Oise\" \/>\n<meta property=\"og:url\" content=\"https:\/\/www.apluspose.com\/galerie\/peinture-intereieure-exterieure\/\" \/>\n<meta property=\"og:site_name\" content=\"A plus pose - Sp\u00e9cialiste de l&#039;am\u00e9nagement et r\u00e9novation chez les particuliers et sp\u00e9cialiste des cloisons de bureaux pour les professionnels\" \/>\n<meta property=\"article:modified_time\" content=\"2021-06-17T15:41:15+00:00\" \/>\n<meta name=\"twitter:card\" content=\"summary_large_image\" \/>\n<meta name=\"twitter:label1\" content=\"Dur\u00e9e de lecture estim\u00e9e\" \/>\n\t<meta name=\"twitter:data1\" content=\"1 minute\" \/>\n<script type=\"application\/ld+json\" class=\"yoast-schema-graph\">{\"@context\":\"https:\/\/schema.org\",\"@graph\":[{\"@type\":\"WebPage\",\"@id\":\"https:\/\/www.apluspose.com\/galerie\/peinture-intereieure-exterieure\/\",\"url\":\"https:\/\/www.apluspose.com\/galerie\/peinture-intereieure-exterieure\/\",\"name\":\"Peinture int\u00e9rieure\/ext\u00e9rieure - A plus pose - Sp\u00e9cialiste de l&#039;am\u00e9nagement et r\u00e9novation chez les particuliers et sp\u00e9cialiste des cloisons de bureaux pour les professionnels\",\"isPartOf\":{\"@id\":\"https:\/\/www.apluspose.com\/galerie\/#website\"},\"datePublished\":\"2021-06-17T15:26:13+00:00\",\"dateModified\":\"2021-06-17T15:41:15+00:00\",\"description\":\"Travaux peinture int\u00e9rieur et ext\u00e9rieur dans l'Oise et le Val d'oise : A+ Pose fournit un travail de qualit\u00e9 pour tous vos travaux dans l'Oise, Val d'Oise\",\"breadcrumb\":{\"@id\":\"https:\/\/www.apluspose.com\/galerie\/peinture-intereieure-exterieure\/#breadcrumb\"},\"inLanguage\":\"fr-FR\",\"potentialAction\":[{\"@type\":\"ReadAction\",\"target\":[\"https:\/\/www.apluspose.com\/galerie\/peinture-intereieure-exterieure\/\"]}]},{\"@type\":\"BreadcrumbList\",\"@id\":\"https:\/\/www.apluspose.com\/galerie\/peinture-intereieure-exterieure\/#breadcrumb\",\"itemListElement\":[{\"@type\":\"ListItem\",\"position\":1,\"name\":\"Accueil\",\"item\":\"https:\/\/www.apluspose.com\/galerie\/\"},{\"@type\":\"ListItem\",\"position\":2,\"name\":\"Peinture int\u00e9rieure\/ext\u00e9rieure\"}]},{\"@type\":\"WebSite\",\"@id\":\"https:\/\/www.apluspose.com\/galerie\/#website\",\"url\":\"https:\/\/www.apluspose.com\/galerie\/\",\"name\":\"A plus pose - Sp\u00e9cialiste de l&#039;am\u00e9nagement et r\u00e9novation chez les particuliers et sp\u00e9cialiste des cloisons de bureaux pour les professionnels\",\"description\":\"\",\"publisher\":{\"@id\":\"https:\/\/www.apluspose.com\/galerie\/#organization\"},\"potentialAction\":[{\"@type\":\"SearchAction\",\"target\":{\"@type\":\"EntryPoint\",\"urlTemplate\":\"https:\/\/www.apluspose.com\/galerie\/?s={search_term_string}\"},\"query-input\":\"required name=search_term_string\"}],\"inLanguage\":\"fr-FR\"},{\"@type\":\"Organization\",\"@id\":\"https:\/\/www.apluspose.com\/galerie\/#organization\",\"name\":\"A plus pose - Sp\u00e9cialiste de l&#039;am\u00e9nagement et r\u00e9novation chez les particuliers et sp\u00e9cialiste des cloisons de bureaux pour les professionnels\",\"url\":\"https:\/\/www.apluspose.com\/galerie\/\",\"logo\":{\"@type\":\"ImageObject\",\"inLanguage\":\"fr-FR\",\"@id\":\"https:\/\/www.apluspose.com\/galerie\/#\/schema\/logo\/image\/\",\"url\":\"https:\/\/www.apluspose.com\/galerie\/wp-content\/uploads\/2020\/01\/cropped-logo.png\",\"contentUrl\":\"https:\/\/www.apluspose.com\/galerie\/wp-content\/uploads\/2020\/01\/cropped-logo.png\",\"width\":100,\"height\":100,\"caption\":\"A plus pose - Sp\u00e9cialiste de l&#039;am\u00e9nagement et r\u00e9novation chez les particuliers et sp\u00e9cialiste des cloisons de bureaux pour les professionnels\"},\"image\":{\"@id\":\"https:\/\/www.apluspose.com\/galerie\/#\/schema\/logo\/image\/\"}}]}<\/script>\n<!-- \/ Yoast SEO plugin. -->","yoast_head_json":{"title":"Peinture int\u00e9rieure\/ext\u00e9rieure - A plus pose - Sp\u00e9cialiste de l&#039;am\u00e9nagement et r\u00e9novation chez les particuliers et sp\u00e9cialiste des cloisons de bureaux pour les professionnels","description":"Travaux peinture int\u00e9rieur et ext\u00e9rieur dans l'Oise et le Val d'oise : A+ Pose fournit un travail de qualit\u00e9 pour tous vos travaux dans l'Oise, Val d'Oise","robots":{"index":"index","follow":"follow","max-snippet":"max-snippet:-1","max-image-preview":"max-image-preview:large","max-video-preview":"max-video-preview:-1"},"canonical":"https:\/\/www.apluspose.com\/galerie\/peinture-intereieure-exterieure\/","og_locale":"fr_FR","og_type":"article","og_title":"Peinture int\u00e9rieure\/ext\u00e9rieure - A plus pose - Sp\u00e9cialiste de l&#039;am\u00e9nagement et r\u00e9novation chez les particuliers et sp\u00e9cialiste des cloisons de bureaux pour les professionnels","og_description":"Travaux peinture int\u00e9rieur et ext\u00e9rieur dans l'Oise et le Val d'oise : A+ Pose fournit un travail de qualit\u00e9 pour tous vos travaux dans l'Oise, Val d'Oise","og_url":"https:\/\/www.apluspose.com\/galerie\/peinture-intereieure-exterieure\/","og_site_name":"A plus pose - Sp\u00e9cialiste de l&#039;am\u00e9nagement et r\u00e9novation chez les particuliers et sp\u00e9cialiste des cloisons de bureaux pour les professionnels","article_modified_time":"2021-06-17T15:41:15+00:00","twitter_card":"summary_large_image","twitter_misc":{"Dur\u00e9e de lecture estim\u00e9e":"1 minute"},"schema":{"@context":"https:\/\/schema.org","@graph":[{"@type":"WebPage","@id":"https:\/\/www.apluspose.com\/galerie\/peinture-intereieure-exterieure\/","url":"https:\/\/www.apluspose.com\/galerie\/peinture-intereieure-exterieure\/","name":"Peinture int\u00e9rieure\/ext\u00e9rieure - A plus pose - Sp\u00e9cialiste de l&#039;am\u00e9nagement et r\u00e9novation chez les particuliers et sp\u00e9cialiste des cloisons de bureaux pour les professionnels","isPartOf":{"@id":"https:\/\/www.apluspose.com\/galerie\/#website"},"datePublished":"2021-06-17T15:26:13+00:00","dateModified":"2021-06-17T15:41:15+00:00","description":"Travaux peinture int\u00e9rieur et ext\u00e9rieur dans l'Oise et le Val d'oise : A+ Pose fournit un travail de qualit\u00e9 pour tous vos travaux dans l'Oise, Val d'Oise","breadcrumb":{"@id":"https:\/\/www.apluspose.com\/galerie\/peinture-intereieure-exterieure\/#breadcrumb"},"inLanguage":"fr-FR","potentialAction":[{"@type":"ReadAction","target":["https:\/\/www.apluspose.com\/galerie\/peinture-intereieure-exterieure\/"]}]},{"@type":"BreadcrumbList","@id":"https:\/\/www.apluspose.com\/galerie\/peinture-intereieure-exterieure\/#breadcrumb","itemListElement":[{"@type":"ListItem","position":1,"name":"Accueil","item":"https:\/\/www.apluspose.com\/galerie\/"},{"@type":"ListItem","position":2,"name":"Peinture int\u00e9rieure\/ext\u00e9rieure"}]},{"@type":"WebSite","@id":"https:\/\/www.apluspose.com\/galerie\/#website","url":"https:\/\/www.apluspose.com\/galerie\/","name":"A plus pose - Sp\u00e9cialiste de l&#039;am\u00e9nagement et r\u00e9novation chez les particuliers et sp\u00e9cialiste des cloisons de bureaux pour les professionnels","description":"","publisher":{"@id":"https:\/\/www.apluspose.com\/galerie\/#organization"},"potentialAction":[{"@type":"SearchAction","target":{"@type":"EntryPoint","urlTemplate":"https:\/\/www.apluspose.com\/galerie\/?s={search_term_string}"},"query-input":"required name=search_term_string"}],"inLanguage":"fr-FR"},{"@type":"Organization","@id":"https:\/\/www.apluspose.com\/galerie\/#organization","name":"A plus pose - Sp\u00e9cialiste de l&#039;am\u00e9nagement et r\u00e9novation chez les particuliers et sp\u00e9cialiste des cloisons de bureaux pour les professionnels","url":"https:\/\/www.apluspose.com\/galerie\/","logo":{"@type":"ImageObject","inLanguage":"fr-FR","@id":"https:\/\/www.apluspose.com\/galerie\/#\/schema\/logo\/image\/","url":"https:\/\/www.apluspose.com\/galerie\/wp-content\/uploads\/2020\/01\/cropped-logo.png","contentUrl":"https:\/\/www.apluspose.com\/galerie\/wp-content\/uploads\/2020\/01\/cropped-logo.png","width":100,"height":100,"caption":"A plus pose - Sp\u00e9cialiste de l&#039;am\u00e9nagement et r\u00e9novation chez les particuliers et sp\u00e9cialiste des cloisons de bureaux pour les professionnels"},"image":{"@id":"https:\/\/www.apluspose.com\/galerie\/#\/schema\/logo\/image\/"}}]}},"_links":{"self":[{"href":"https:\/\/www.apluspose.com\/galerie\/wp-json\/wp\/v2\/pages\/639"}],"collection":[{"href":"https:\/\/www.apluspose.com\/galerie\/wp-json\/wp\/v2\/pages"}],"about":[{"href":"https:\/\/www.apluspose.com\/galerie\/wp-json\/wp\/v2\/types\/page"}],"author":[{"embeddable":true,"href":"https:\/\/www.apluspose.com\/galerie\/wp-json\/wp\/v2\/users\/1"}],"replies":[{"embeddable":true,"href":"https:\/\/www.apluspose.com\/galerie\/wp-json\/wp\/v2\/comments?post=639"}],"version-history":[{"count":4,"href":"https:\/\/www.apluspose.com\/galerie\/wp-json\/wp\/v2\/pages\/639\/revisions"}],"predecessor-version":[{"id":671,"href":"https:\/\/www.apluspose.com\/galerie\/wp-json\/wp\/v2\/pages\/639\/revisions\/671"}],"wp:attachment":[{"href":"https:\/\/www.apluspose.com\/galerie\/wp-json\/wp\/v2\/media?parent=639"}],"curies":[{"name":"wp","href":"https:\/\/api.w.org\/{rel}","templated":true}]}}